{"id":266615,"date":"2023-02-26T21:27:10","date_gmt":"2023-02-26T21:27:10","guid":{"rendered":"https:\/\/www.dietyodkucharzy.pl\/?page_id=266615"},"modified":"2025-02-11T12:30:29","modified_gmt":"2025-02-11T12:30:29","slug":"polityka-prywatnosci","status":"publish","type":"page","link":"https:\/\/www.dietyodkucharzy.pl\/en\/polityka-prywatnosci\/","title":{"rendered":"Privacy Policy"},"content":{"rendered":"<div data-elementor-type=\"wp-page\" data-elementor-id=\"266615\" class=\"elementor elementor-266615\" data-elementor-post-type=\"page\">\n\t\t\t\t\t\t<section class=\"has_ae_slider elementor-section elementor-top-section elementor-element elementor-element-720c5376 elementor-section-boxed elementor-section-height-default elementor-section-height-default ae-bg-gallery-type-default\" data-id=\"720c5376\" data-element_type=\"section\" data-e-type=\"section\">\n\t\t\t\t\t\t<div class=\"elementor-container elementor-column-gap-default\">\n\t\t\t\t\t<div class=\"has_ae_slider elementor-column elementor-col-100 elementor-top-column elementor-element elementor-element-1bbdf864 ae-bg-gallery-type-default\" data-id=\"1bbdf864\" data-element_type=\"column\" data-e-type=\"column\">\n\t\t\t<div class=\"elementor-widget-wrap elementor-element-populated\">\n\t\t\t\t\t\t<div class=\"elementor-element elementor-element-17b85395 elementor-widget elementor-widget-text-editor\" data-id=\"17b85395\" data-element_type=\"widget\" data-e-type=\"widget\" data-widget_type=\"text-editor.default\">\n\t\t\t\t<div class=\"elementor-widget-container\">\n\t\t\t\t\t\t\t\t\t<ol style=\"margin-top:0cm\" start=\"1\" type=\"1\">\n <li class=\"MsoNormal\">POSTANOWIENIA\n     OG\u00d3LNE<o:p><\/o:p><\/li>\n<\/ol><p class=\"MsoNormal\">Administratorem danych osobowych zbieranych za po\u015brednictwem\nSklepu internetowego www.dietyodkucharze.pl jest FOOD MANAGEMENT Artur\nObielecki Pawe\u0142 Dzwonkowski S.C. wykonuj\u0105cy dzia\u0142alno\u015b\u0107 gospodarcz\u0105 pod firm\u0105 FOOD\nMANAGEMENT Artur Obielecki Pawe\u0142 Dzwonkowski S.C. wpisan\u0105 do Centralnej\nEwidencji i Informacji o Dzia\u0142alno\u015bci Gospodarczej Rzeczypospolitej Polskiej\nprowadzonej przez ministra w\u0142a\u015bciwego do spraw gospodarki, adres rejestrowy:\nul. Kusznik\u00f3w 20 lok.2, 03-272 Warszawa, miejsce wykonywania dzia\u0142alno\u015bci oraz\nadres do dor\u0119cze\u0144: ul. Kusznik\u00f3w 20 lok.2, 03-272 Warszawa, NIP: 5322084850,\nREGON: 384145407, adres poczty elektronicznej (e-mail):\nkontakt@dietyodkucharzy.pl, numer telefonu: +48 787 911 046, zwany dalej\n\u201eAdministratorem\u201d i b\u0119d\u0105cy jednocze\u015bnie \u201eUs\u0142ugodawc\u0105\u201d.<o:p><\/o:p><\/p><p class=\"MsoNormal\">Dane osobowe zbierane przez Administratora za po\u015brednictwem\nstrony internetowej s\u0105 przetwarzane zgodnie z Rozporz\u0105dzeniem Parlamentu\nEuropejskiego i Rady (UE) 2016\/679 z dnia 27 kwietnia 2016 r. w sprawie ochrony\nos\u00f3b fizycznych w zwi\u0105zku z przetwarzaniem danych osobowych i w sprawie\nswobodnego przep\u0142ywu takich danych oraz uchylenia dyrektywy 95\/46\/WE (og\u00f3lne\nrozporz\u0105dzenie o ochronie danych), zwane dalej RODO.<o:p><\/o:p><\/p><p class=\"MsoNormal\">Wszelkie wyrazy lub wyra\u017cenia pisane w tre\u015bci niniejszej\nPolityki Prywatno\u015bci z du\u017cej litery nale\u017cy rozumie\u0107 zgodnie z ich definicj\u0105\nzawart\u0105 w Regulaminie Sklepu internetowego www.dietyodkucharzy.pl.<o:p><\/o:p><\/p><ol style=\"margin-top:0cm\" start=\"2\" type=\"1\">\n <li class=\"MsoNormal\">RODZAJ\n     PRZETWARZANYCH DANYCH OSOBOWYCH, CEL I ZAKRES ZBIERANIA DANYCH<o:p><\/o:p><\/li>\n<\/ol><p class=\"MsoNormal\">CEL PRZETWARZANIA I PODSTAWA PRAWNA<o:p><\/o:p><\/p><p class=\"MsoNormal\">Administrator przetwarza dane osobowe Us\u0142ugobiorc\u00f3w Sklepu\nwww.dietyodkucharzy.pl w przypadku:<o:p><\/o:p><\/p><p class=\"MsoNormal\">&#8211; rejestracji Konta w Sklepie, w celu utworzenia\nindywidualnego konta i zarz\u0105dzania tym Kontem, na podstawie art. 6 ust. 1 lit.\nb RODO (realizacja umowy o \u015bwiadczenie us\u0142ugi drog\u0105 elektroniczn\u0105 zgodnie z\nRegulaminem Sklepu),<o:p><\/o:p><\/p><p class=\"MsoNormal\">&#8211; sk\u0142adania zam\u00f3wienia w Sklepie, w celu wykonania umowy\nsprzeda\u017cy, na podstawie art. 6 ust. 1 lit. b RODO (realizacja umowy sprzeda\u017cy).<o:p><\/o:p><\/p><p class=\"MsoNormal\">RODZAJ PRZETWARZANYCH DANYCH OSOBOWYCH<o:p><\/o:p><\/p><p class=\"MsoNormal\">W przypadku Konta Us\u0142ugobiorca podaje:<o:p><\/o:p><\/p><p class=\"MsoNormal\">&#8211; Imi\u0119 i nazwisko,<o:p><\/o:p><\/p><p class=\"MsoNormal\">&#8211; Adres,<o:p><\/o:p><\/p><p class=\"MsoNormal\">&#8211; Adres e-mail.<o:p><\/o:p><\/p><p class=\"MsoNormal\">W przypadku Zam\u00f3wienia Us\u0142ugobiorca podaje:<o:p><\/o:p><\/p><p class=\"MsoNormal\">&#8211; Imi\u0119 i nazwisko,<o:p><\/o:p><\/p><p class=\"MsoNormal\">&#8211; Adres,<o:p><\/o:p><\/p><p class=\"MsoNormal\">&#8211; Adres e-mail,<o:p><\/o:p><\/p><p class=\"MsoNormal\">&#8211; Numer telefonu.<o:p><\/o:p><\/p><p class=\"MsoNormal\">OKRES ARCHIWIZACJI DANYCH OSOBOWYCH<o:p><\/o:p><\/p><p class=\"MsoNormal\">Dane osobowe Us\u0142ugobiorc\u00f3w przechowywane s\u0105 przez\nAdministratora:<o:p><\/o:p><\/p><p class=\"MsoNormal\">&#8211; w przypadku, gdy podstaw\u0105 przetwarzania danych jest\nwykonanie umowy, tak d\u0142ugo, jak jest to niezb\u0119dne do wykonania umowy, a po tym\nczasie przez okres odpowiadaj\u0105cy okresowi przedawnienia roszcze\u0144. Je\u017celi\nprzepis szczeg\u00f3lny nie stanowi inaczej, termin przedawnienia wynosi lat sze\u015b\u0107,\na dla roszcze\u0144 o \u015bwiadczenia okresowe oraz roszcze\u0144 zwi\u0105zanych z prowadzeniem\ndzia\u0142alno\u015bci gospodarczej \u2013 trzy lata.<o:p><\/o:p><\/p><p class=\"MsoNormal\">&#8211; w przypadku, gdy podstaw\u0105 przetwarzania danych jest zgoda,\ntak d\u0142ugo, a\u017c zgoda nie zostanie odwo\u0142ana, a po odwo\u0142aniu zgody przez okres\nodpowiadaj\u0105cy okresowi przedawnienia roszcze\u0144 jakie mo\u017ce podnosi\u0107 Administrator\ni jakie mog\u0105 by\u0107 podnoszone wobec niego. Je\u017celi przepis szczeg\u00f3lny nie stanowi\ninaczej, termin przedawnienia wynosi lat sze\u015b\u0107, a dla roszcze\u0144 o \u015bwiadczenia\nokresowe oraz roszcze\u0144 zwi\u0105zanych z prowadzeniem dzia\u0142alno\u015bci gospodarczej \u2013\ntrzy lata.<o:p><\/o:p><\/p><p class=\"MsoNormal\">Podczas korzystania ze Sklepu mog\u0105 by\u0107 pobierane dodatkowe\ninformacje, w szczeg\u00f3lno\u015bci: adres IP przypisany do komputera Us\u0142ugobiorcy lub\nzewn\u0119trzny adres IP dostawcy Internetu, nazwa domeny, rodzaj przegl\u0105darki, czas\ndost\u0119pu, typ systemu operacyjnego.<o:p><\/o:p><\/p><p class=\"MsoNormal\">Po wyra\u017ceniu odr\u0119bnej zgody, na podstawie art. 6 ust. 1 lit.\na) RODO dane mog\u0105 by\u0107 przetwarzane r\u00f3wnie\u017c w celu przesy\u0142ania informacji\nhandlowych drog\u0105 elektroniczn\u0105 lub wykonywania telefonicznych po\u0142\u0105cze\u0144 w celu\nmarketingu bezpo\u015bredniego \u2013 odpowiednio w zwi\u0105zku z art. 10 ust. 2 Ustawy z\ndnia 18 lipca 2002 roku o \u015bwiadczeniu us\u0142ug drog\u0105 elektroniczn\u0105 lub art. 172\nust. 1 Ustawy z dnia 16 lipca 2004 roku \u2013 Prawo Telekomunikacyjne, w tym\nkierowanych w wyniku profilowania, o ile Us\u0142ugobiorca wyrazi\u0142 stosown\u0105 zgod\u0119.<o:p><\/o:p><\/p><p class=\"MsoNormal\">Od Us\u0142ugobiorc\u00f3w mog\u0105 by\u0107 tak\u017ce gromadzone dane nawigacyjne,\nw tym informacje o linkach i odno\u015bnikach, w kt\u00f3re zdecyduj\u0105 si\u0119 klikn\u0105\u0107 lub\ninnych czynno\u015bciach, podejmowanych w Sklepie. Podstaw\u0105 prawn\u0105 tego rodzaju\nczynno\u015bci jest prawnie uzasadniony interes Administratora (art. 6 ust. 1 lit. f\nRODO), polegaj\u0105cy na u\u0142atwieniu korzystania z us\u0142ug \u015bwiadczonych drog\u0105\nelektroniczn\u0105 oraz na poprawie funkcjonalno\u015bci tych us\u0142ug.<o:p><\/o:p><\/p><p class=\"MsoNormal\">Podanie danych osobowych przez Us\u0142ugobiorc\u0119 jest dobrowolne.<o:p><\/o:p><\/p><p class=\"MsoNormal\">Dane osobowe b\u0119d\u0105 przetwarzane tak\u017ce w spos\u00f3b\nzautomatyzowany w formie profilowania, o ile Us\u0142ugobiorca wyrazi na to zgod\u0119 na\npodstawie art. 6 ust. 1 lit. a) RODO. Konsekwencj\u0105 profilowania b\u0119dzie\nprzypisanie danej osobie profilu w celu podejmowania dotycz\u0105cych jej decyzji\nb\u0105d\u017a analizy lub przewidywania jej preferencji, zachowa\u0144 i postaw.<o:p><\/o:p><\/p><p class=\"MsoNormal\">Administrator dok\u0142ada szczeg\u00f3lnej staranno\u015bci w celu ochrony\ninteres\u00f3w os\u00f3b, kt\u00f3rych dane dotycz\u0105, a w szczeg\u00f3lno\u015bci zapewnia, \u017ce zbierane\nprzez niego dane s\u0105:<o:p><\/o:p><\/p><p class=\"MsoNormal\">&#8211; przetwarzane zgodnie z prawem,<o:p><\/o:p><\/p><p class=\"MsoNormal\">&#8211; zbierane dla oznaczonych, zgodnych z prawem cel\u00f3w i\nniepoddawane dalszemu przetwarzaniu niezgodnemu z tymi celami,<o:p><\/o:p><\/p><p class=\"MsoNormal\">&#8211; merytorycznie poprawne i adekwatne w stosunku do cel\u00f3w, w\njakich s\u0105 przetwarzane oraz przechowywane w postaci umo\u017cliwiaj\u0105cej\nidentyfikacj\u0119 os\u00f3b, kt\u00f3rych dotycz\u0105, nie d\u0142u\u017cej ni\u017c jest to niezb\u0119dne do\nosi\u0105gni\u0119cia celu przetwarzania.<o:p><\/o:p><\/p><ol style=\"margin-top:0cm\" start=\"3\" type=\"1\">\n <li class=\"MsoNormal\">UDOST\u0118PNIENIE\n     DANYCH OSOBOWYCH<o:p><\/o:p><\/li>\n<\/ol><p class=\"MsoNormal\">Dane osobowe Us\u0142ugobiorc\u00f3w przekazywane s\u0105 dostawcom us\u0142ug,\nz kt\u00f3rych korzysta Administrator przy prowadzeniu Sklepu. Dostawcy us\u0142ug,\nkt\u00f3rym przekazywane s\u0105 dane osobowe, w zale\u017cno\u015bci od uzgodnie\u0144 umownych i\nokoliczno\u015bci, albo podlegaj\u0105 poleceniom Administratora co do cel\u00f3w i sposob\u00f3w\nprzetwarzania tych danych (podmioty przetwarzaj\u0105ce) albo samodzielnie okre\u015blaj\u0105\ncele i sposoby ich przetwarzania (administratorzy).<o:p><\/o:p><\/p><p class=\"MsoNormal\">Dane osobowe Us\u0142ugobiorc\u00f3w s\u0105 przechowywane wy\u0142\u0105cznie na\nterenie Europejskiego Obszaru Gospodarczego (EOG).<o:p><\/o:p><\/p><ol style=\"margin-top:0cm\" start=\"4\" type=\"1\">\n <li class=\"MsoNormal\">PRAWO\n     KONTROLI, DOST\u0118PU DO TRE\u015aCI W\u0141ASNYCH DANYCH ORAZ ICH POPRAWIANIA<o:p><\/o:p><\/li>\n<\/ol><p class=\"MsoNormal\">Osoba, kt\u00f3rej dane dotycz\u0105, ma prawo dost\u0119pu do tre\u015bci\nswoich danych osobowych oraz prawo ich sprostowania, usuni\u0119cia, ograniczenia\nprzetwarzania, prawo do przenoszenia danych, prawo wniesienia sprzeciwu, prawo\ndo cofni\u0119cia zgody w dowolnym momencie bez wp\u0142ywu na zgodno\u015b\u0107 z prawem\nprzetwarzania, kt\u00f3rego dokonano na podstawie zgody przed jej cofni\u0119ciem.<o:p><\/o:p><\/p><p class=\"MsoNormal\">Podstawy prawne \u017c\u0105dania Us\u0142ugobiorcy:<o:p><\/o:p><\/p><p class=\"MsoNormal\">&#8211; Dost\u0119p do danych \u2013 art. 15 RODO.<o:p><\/o:p><\/p><p class=\"MsoNormal\">&#8211; Sprostowanie danych \u2013 art. 16 RODO.<o:p><\/o:p><\/p><p class=\"MsoNormal\">&#8211; Usuni\u0119cie danych (tzw. prawo do bycia zapomnianym) \u2013 art.\n17 RODO.<o:p><\/o:p><\/p><p class=\"MsoNormal\">&#8211; Ograniczenie przetwarzania \u2013 art. 18 RODO.<o:p><\/o:p><\/p><p class=\"MsoNormal\">&#8211; Przeniesienie danych \u2013 art. 20 RODO.<o:p><\/o:p><\/p><p class=\"MsoNormal\">&#8211; Sprzeciw \u2013 art. 21 RODO.<o:p><\/o:p><\/p><p class=\"MsoNormal\">&#8211; Cofni\u0119cie zgody \u2013 art. 7 ust. 3 RODO.<o:p><\/o:p><\/p><p class=\"MsoNormal\">W celu realizacji uprawnie\u0144, o kt\u00f3rych mowa w pkt 2 mo\u017cna\nwys\u0142a\u0107 stosown\u0105 wiadomo\u015b\u0107 e-mail na adres: kontakt@dietyodkucharzy.pl.<o:p><\/o:p><\/p><p class=\"MsoNormal\">W sytuacji wyst\u0105pienia przez Us\u0142ugobiorc\u0119 z uprawnieniem\nwynikaj\u0105cym z powy\u017cszych praw, Administrator spe\u0142nia \u017c\u0105danie albo odmawia jego\nspe\u0142nienia niezw\u0142ocznie, nie p\u00f3\u017aniej jednak ni\u017c w ci\u0105gu miesi\u0105ca po jego\notrzymaniu. Je\u017celi jednak \u2013 z uwagi na skomplikowany charakter \u017c\u0105dania lub\nliczb\u0119 \u017c\u0105da\u0144 \u2013 Administrator nie b\u0119dzie m\u00f3g\u0142 spe\u0142ni\u0107 \u017c\u0105dania w ci\u0105gu miesi\u0105ca,\nspe\u0142ni je w ci\u0105gu kolejnych dw\u00f3ch miesi\u0119cy informuj\u0105c Us\u0142ugobiorc\u0119 uprzednio w\nterminie miesi\u0105ca od otrzymania \u017c\u0105dania \u2013 o zamierzonym przed\u0142u\u017ceniu terminu\noraz jego przyczynach.<o:p><\/o:p><\/p><p class=\"MsoNormal\">W przypadku stwierdzenia, \u017ce przetwarzanie danych osobowych\nnarusza przepisy RODO, osoba, kt\u00f3rej dane dotycz\u0105, ma prawo wnie\u015b\u0107 skarg\u0119 do\nPrezesa Urz\u0119du Ochrony Danych Osobowych.<o:p><\/o:p><\/p><ol style=\"margin-top:0cm\" start=\"5\" type=\"1\">\n <li class=\"MsoNormal\">PLIKI\n     \u201eCOOKIES\u201d<o:p><\/o:p><\/li>\n<\/ol><p class=\"MsoNormal\">Strona Administratora u\u017cywa plik\u00f3w \u201ecookies\u201d.<o:p><\/o:p><\/p><p class=\"MsoNormal\">Instalacja plik\u00f3w \u201ecookies\u201d jest konieczna do prawid\u0142owego\n\u015bwiadczenia us\u0142ug na stronie internetowej Sklepu. W plikach \u201ecookies\u201d znajduj\u0105\nsi\u0119 informacje niezb\u0119dne do prawid\u0142owego funkcjonowania strony, a tak\u017ce daj\u0105\none tak\u017ce mo\u017cliwo\u015b\u0107 opracowywania og\u00f3lnych statystyk odwiedzin strony\ninternetowej.<o:p><\/o:p><\/p><p class=\"MsoNormal\">W ramach strony stosowane s\u0105 dwa rodzaje plik\u00f3w \u201ecookies\u201d:\n\u201esesyjne\u201d oraz \u201esta\u0142e\u201d.<o:p><\/o:p><\/p><p class=\"MsoNormal\">\u201eCookies\u201d \u201esesyjne\u201d s\u0105 plikami tymczasowymi, kt\u00f3re\nprzechowywane s\u0105 w urz\u0105dzeniu ko\u0144cowym Us\u0142ugobiorcy do czasu wylogowania\n(opuszczenia strony).<o:p><\/o:p><\/p><p class=\"MsoNormal\">\u201eSta\u0142e\u201d pliki \u201ecookies\u201d przechowywane s\u0105 w urz\u0105dzeniu\nko\u0144cowym Us\u0142ugobiorcy przez czas okre\u015blony w parametrach plik\u00f3w \u201ecookies\u201d lub\ndo czasu ich usuni\u0119cia przez Us\u0142ugobiorc\u0119.<o:p><\/o:p><\/p><p class=\"MsoNormal\">Administrator wykorzystuje w\u0142asne pliki cookies w celu\nlepszego poznania sposobu interakcji Us\u0142ugobiorc\u00f3w w zakresie zawarto\u015bci\nstrony. Pliki gromadz\u0105 informacje o sposobie korzystania ze strony internetowej\nprzez Us\u0142ugobiorc\u0119, typie strony, z jakiej Us\u0142ugobiorca zosta\u0142 przekierowany\noraz liczbie odwiedzin i czasie wizyty Us\u0142ugobiorcy na stronie internetowej.\nInformacje te nie rejestruj\u0105 konkretnych danych osobowych Us\u0142ugobiorcy, lecz\ns\u0142u\u017c\u0105 do opracowania statystyk korzystania ze strony.<o:p><\/o:p><\/p><p class=\"MsoNormal\">Administrator wykorzystuje zewn\u0119trzne pliki cookies w celu\nzbierania og\u00f3lnych i anonimowych danych statycznych za po\u015brednictwem narz\u0119dzi\nanalitycznych Google Analytics (administrator cookies zewn\u0119trznego: Google Inc.\nz siedzib\u0105 w USA).<o:p><\/o:p><\/p><p class=\"MsoNormal\">Us\u0142ugobiorca ma prawo zadecydowania w zakresie dost\u0119pu\nplik\u00f3w \u201ecookies\u201d do swojego komputera poprzez ich uprzedni wyb\u00f3r w oknie swojej\nprzegl\u0105darki. Szczeg\u00f3\u0142owe informacje o mo\u017cliwo\u015bci i sposobach obs\u0142ugi plik\u00f3w\n\u201ecookies\u201d dost\u0119pne s\u0105 w ustawieniach oprogramowania (przegl\u0105darki\ninternetowej).<o:p><\/o:p><\/p><ol style=\"margin-top:0cm\" start=\"6\" type=\"1\">\n <li class=\"MsoNormal\">WYCOFANIE\n     ZGODY NA PRZESY\u0141ANIE TRE\u015aCI MARKETINGOWYCH<o:p><\/o:p><\/li>\n<\/ol><p class=\"MsoNormal\">Us\u0142ugobiorca ma prawo w dowolnym momencie wycofa\u0107 zgod\u0119 na\nprzetwarzanie danych osobowych w celach marketingowych. W celu wycofania zgody\nna przesy\u0142anie tre\u015bci marketingowych drog\u0105 elektroniczn\u0105, nale\u017cy wys\u0142a\u0107\nwiadomo\u015b\u0107 e-mail na adres:&nbsp;<a href=\"mailto:zgody@dietyodkucharzy.pl\">zgody@dietyodkucharzy.pl<\/a>&nbsp;<o:p><\/o:p><\/p><p class=\"MsoNormal\">Wycofanie zgody nie wp\u0142ywa na zgodno\u015b\u0107 z prawem\nprzetwarzania, kt\u00f3rego dokonano na podstawie zgody przed jej wycofaniem. Po\notrzymaniu \u017c\u0105dania wycofania zgody, Administrator niezw\u0142ocznie przyst\u0105pi do\nrealizacji \u017c\u0105dania, co mo\u017ce obejmowa\u0107 usuni\u0119cie danych osobowych lub ich\nzanonimizowanie w zakresie niezb\u0119dnym do spe\u0142nienia \u017c\u0105dania.<o:p><\/o:p><\/p><ol style=\"margin-top:0cm\" start=\"7\" type=\"1\">\n <li class=\"MsoNormal\">POSTANOWIENIA\n     KO\u0143COWE<o:p><\/o:p><\/li>\n<\/ol><p class=\"MsoNormal\">Administrator stosuje \u015brodki techniczne i organizacyjne\nzapewniaj\u0105ce ochron\u0119 przetwarzanych danych osobowych odpowiedni\u0105 do zagro\u017ce\u0144\noraz kategorii danych obj\u0119tych ochron\u0105, a w szczeg\u00f3lno\u015bci zabezpiecza dane\nprzed ich udost\u0119pnieniem osobom nieupowa\u017cnionym, zabraniem przez osob\u0119\nnieuprawnion\u0105, przetwarzaniem z naruszeniem obowi\u0105zuj\u0105cych przepis\u00f3w oraz\nzmian\u0105, utrat\u0105, uszkodzeniem lub zniszczeniem.<o:p><\/o:p><\/p><p class=\"MsoNormal\">Administrator udost\u0119pnia odpowiednie \u015brodki techniczne\nzapobiegaj\u0105ce pozyskiwaniu i modyfikowaniu przez osoby nieuprawnione, danych\nosobowych przesy\u0142anych drog\u0105 elektroniczn\u0105.<o:p><\/o:p><\/p><p class=\"MsoNormal\">W sprawach nieuregulowanych niniejsz\u0105 Polityk\u0105 prywatno\u015bci\nstosuje si\u0119 odpowiednio przepisy RODO oraz inne w\u0142a\u015bciwe przepisy prawa\npolskiego.<o:p><\/o:p><\/p><p>\n\n\n\n\n\n\n\n\n\n\n\n\n\n\n\n\n\n\n\n\n\n\n\n\n\n\n\n\n\n\n\n\n\n\n\n\n\n\n\n\n\n\n\n\n\n\n\n\n\n\n\n\n\n\n\n\n\n\n\n\n\n\n\n\n\n\n\n\n\n\n\n\n\n\n\n\n\n\n\n\n\n\n\n\n\n\n\n\n\n\n\n\n\n\n\n\n\n\n\n\n\n\n\n\n\n\n\n\n\n\n\n\n\n\n\n\n\n\n\n\n\n\n\n\n\n\n\n<\/p><p class=\"MsoNormal\"><o:p>&nbsp;<\/o:p><\/p>\t\t\t\t\t\t\t\t<\/div>\n\t\t\t\t<\/div>\n\t\t\t\t\t<\/div>\n\t\t<\/div>\n\t\t\t\t\t<\/div>\n\t\t<\/section>\n\t\t\t\t<\/div>","protected":false},"excerpt":{"rendered":"<p>POSTANOWIENIA OG\u00d3LNE Administratorem danych osobowych zbieranych za po\u015brednictwem Sklepu internetowego www.dietyodkucharze.pl jest FOOD MANAGEMENT Artur Obielecki Pawe\u0142 Dzwonkowski S.C. wykonuj\u0105cy dzia\u0142alno\u015b\u0107 gospodarcz\u0105 pod firm\u0105 FOOD MANAGEMENT Artur Obielecki Pawe\u0142 Dzwonkowski S.C. wpisan\u0105 do Centralnej Ewidencji i Informacji o Dzia\u0142alno\u015bci Gospodarczej Rzeczypospolitej Polskiej prowadzonej przez ministra w\u0142a\u015bciwego do spraw gospodarki, adres rejestrowy: ul. Kusznik\u00f3w 20 lok.2, [&hellip;]<\/p>\n","protected":false},"author":2,"featured_media":0,"parent":0,"menu_order":0,"comment_status":"closed","ping_status":"closed","template":"","meta":{"_acf_changed":false,"footnotes":""},"class_list":["post-266615","page","type-page","status-publish","hentry"],"acf":[],"yoast_head":"<!-- This site is optimized with the Yoast SEO Premium plugin v19.4 (Yoast SEO v27.2) - https:\/\/yoast.com\/product\/yoast-seo-premium-wordpress\/ -->\n<title>Polityka Prywatno\u015bci - Diety Od Kucharzy<\/title>\n<meta name=\"robots\" content=\"index, follow, max-snippet:-1, max-image-preview:large, max-video-preview:-1\" \/>\n<link rel=\"canonical\" href=\"https:\/\/www.dietyodkucharzy.pl\/en\/polityka-prywatnosci\/\" \/>\n<meta property=\"og:locale\" content=\"en_US\" \/>\n<meta property=\"og:type\" content=\"article\" \/>\n<meta property=\"og:title\" content=\"Polityka Prywatno\u015bci\" \/>\n<meta property=\"og:description\" content=\"POSTANOWIENIA OG\u00d3LNE Administratorem danych osobowych zbieranych za po\u015brednictwem Sklepu internetowego www.dietyodkucharze.pl jest FOOD MANAGEMENT Artur Obielecki Pawe\u0142 Dzwonkowski S.C. wykonuj\u0105cy dzia\u0142alno\u015b\u0107 gospodarcz\u0105 pod firm\u0105 FOOD MANAGEMENT Artur Obielecki Pawe\u0142 Dzwonkowski S.C. wpisan\u0105 do Centralnej Ewidencji i Informacji o Dzia\u0142alno\u015bci Gospodarczej Rzeczypospolitej Polskiej prowadzonej przez ministra w\u0142a\u015bciwego do spraw gospodarki, adres rejestrowy: ul. Kusznik\u00f3w 20 lok.2, [&hellip;]\" \/>\n<meta property=\"og:url\" content=\"https:\/\/www.dietyodkucharzy.pl\/en\/polityka-prywatnosci\/\" \/>\n<meta property=\"og:site_name\" content=\"Diety Od Kucharzy\" \/>\n<meta property=\"article:modified_time\" content=\"2025-02-11T12:30:29+00:00\" \/>\n<meta name=\"twitter:card\" content=\"summary_large_image\" \/>\n<meta name=\"twitter:label1\" content=\"Est. reading time\" \/>\n\t<meta name=\"twitter:data1\" content=\"8 minutes\" \/>\n<script type=\"application\/ld+json\" class=\"yoast-schema-graph\">{\"@context\":\"https:\/\/schema.org\",\"@graph\":[{\"@type\":\"WebPage\",\"@id\":\"https:\/\/www.dietyodkucharzy.pl\/polityka-prywatnosci\/\",\"url\":\"https:\/\/www.dietyodkucharzy.pl\/polityka-prywatnosci\/\",\"name\":\"Polityka Prywatno\u015bci - Diety Od Kucharzy\",\"isPartOf\":{\"@id\":\"https:\/\/www.dietyodkucharzy.pl\/#website\"},\"datePublished\":\"2023-02-26T21:27:10+00:00\",\"dateModified\":\"2025-02-11T12:30:29+00:00\",\"breadcrumb\":{\"@id\":\"https:\/\/www.dietyodkucharzy.pl\/polityka-prywatnosci\/#breadcrumb\"},\"inLanguage\":\"en-US\",\"potentialAction\":[{\"@type\":\"ReadAction\",\"target\":[\"https:\/\/www.dietyodkucharzy.pl\/polityka-prywatnosci\/\"]}]},{\"@type\":\"BreadcrumbList\",\"@id\":\"https:\/\/www.dietyodkucharzy.pl\/polityka-prywatnosci\/#breadcrumb\",\"itemListElement\":[{\"@type\":\"ListItem\",\"position\":1,\"name\":\"Home\",\"item\":\"https:\/\/www.dietyodkucharzy.pl\/\"},{\"@type\":\"ListItem\",\"position\":2,\"name\":\"Polityka Prywatno\u015bci\"}]},{\"@type\":\"WebSite\",\"@id\":\"https:\/\/www.dietyodkucharzy.pl\/#website\",\"url\":\"https:\/\/www.dietyodkucharzy.pl\/\",\"name\":\"Diety Od Kucharzy\",\"description\":\"Catering Dietetyczny\",\"publisher\":{\"@id\":\"https:\/\/www.dietyodkucharzy.pl\/#organization\"},\"potentialAction\":[{\"@type\":\"SearchAction\",\"target\":{\"@type\":\"EntryPoint\",\"urlTemplate\":\"https:\/\/www.dietyodkucharzy.pl\/?s={search_term_string}\"},\"query-input\":{\"@type\":\"PropertyValueSpecification\",\"valueRequired\":true,\"valueName\":\"search_term_string\"}}],\"inLanguage\":\"en-US\"},{\"@type\":\"Organization\",\"@id\":\"https:\/\/www.dietyodkucharzy.pl\/#organization\",\"name\":\"Diety Od Kucharzy\",\"url\":\"https:\/\/www.dietyodkucharzy.pl\/\",\"logo\":{\"@type\":\"ImageObject\",\"inLanguage\":\"en-US\",\"@id\":\"https:\/\/www.dietyodkucharzy.pl\/#\/schema\/logo\/image\/\",\"url\":\"https:\/\/www.dietyodkucharzy.pl\/wp-content\/uploads\/2023\/02\/Projekt-bez-tytulu-20.png\",\"contentUrl\":\"https:\/\/www.dietyodkucharzy.pl\/wp-content\/uploads\/2023\/02\/Projekt-bez-tytulu-20.png\",\"width\":1500,\"height\":1500,\"caption\":\"Diety Od Kucharzy\"},\"image\":{\"@id\":\"https:\/\/www.dietyodkucharzy.pl\/#\/schema\/logo\/image\/\"}}]}<\/script>\n<!-- \/ Yoast SEO Premium plugin. -->","yoast_head_json":{"title":"Polityka Prywatno\u015bci - Diety Od Kucharzy","robots":{"index":"index","follow":"follow","max-snippet":"max-snippet:-1","max-image-preview":"max-image-preview:large","max-video-preview":"max-video-preview:-1"},"canonical":"https:\/\/www.dietyodkucharzy.pl\/en\/polityka-prywatnosci\/","og_locale":"en_US","og_type":"article","og_title":"Polityka Prywatno\u015bci","og_description":"POSTANOWIENIA OG\u00d3LNE Administratorem danych osobowych zbieranych za po\u015brednictwem Sklepu internetowego www.dietyodkucharze.pl jest FOOD MANAGEMENT Artur Obielecki Pawe\u0142 Dzwonkowski S.C. wykonuj\u0105cy dzia\u0142alno\u015b\u0107 gospodarcz\u0105 pod firm\u0105 FOOD MANAGEMENT Artur Obielecki Pawe\u0142 Dzwonkowski S.C. wpisan\u0105 do Centralnej Ewidencji i Informacji o Dzia\u0142alno\u015bci Gospodarczej Rzeczypospolitej Polskiej prowadzonej przez ministra w\u0142a\u015bciwego do spraw gospodarki, adres rejestrowy: ul. Kusznik\u00f3w 20 lok.2, [&hellip;]","og_url":"https:\/\/www.dietyodkucharzy.pl\/en\/polityka-prywatnosci\/","og_site_name":"Diety Od Kucharzy","article_modified_time":"2025-02-11T12:30:29+00:00","twitter_card":"summary_large_image","twitter_misc":{"Est. reading time":"8 minutes"},"schema":{"@context":"https:\/\/schema.org","@graph":[{"@type":"WebPage","@id":"https:\/\/www.dietyodkucharzy.pl\/polityka-prywatnosci\/","url":"https:\/\/www.dietyodkucharzy.pl\/polityka-prywatnosci\/","name":"Polityka Prywatno\u015bci - Diety Od Kucharzy","isPartOf":{"@id":"https:\/\/www.dietyodkucharzy.pl\/#website"},"datePublished":"2023-02-26T21:27:10+00:00","dateModified":"2025-02-11T12:30:29+00:00","breadcrumb":{"@id":"https:\/\/www.dietyodkucharzy.pl\/polityka-prywatnosci\/#breadcrumb"},"inLanguage":"en-US","potentialAction":[{"@type":"ReadAction","target":["https:\/\/www.dietyodkucharzy.pl\/polityka-prywatnosci\/"]}]},{"@type":"BreadcrumbList","@id":"https:\/\/www.dietyodkucharzy.pl\/polityka-prywatnosci\/#breadcrumb","itemListElement":[{"@type":"ListItem","position":1,"name":"Home","item":"https:\/\/www.dietyodkucharzy.pl\/"},{"@type":"ListItem","position":2,"name":"Polityka Prywatno\u015bci"}]},{"@type":"WebSite","@id":"https:\/\/www.dietyodkucharzy.pl\/#website","url":"https:\/\/www.dietyodkucharzy.pl\/","name":"Diets From Chefs","description":"Catering Dietetyczny","publisher":{"@id":"https:\/\/www.dietyodkucharzy.pl\/#organization"},"potentialAction":[{"@type":"SearchAction","target":{"@type":"EntryPoint","urlTemplate":"https:\/\/www.dietyodkucharzy.pl\/?s={search_term_string}"},"query-input":{"@type":"PropertyValueSpecification","valueRequired":true,"valueName":"search_term_string"}}],"inLanguage":"en-US"},{"@type":"Organization","@id":"https:\/\/www.dietyodkucharzy.pl\/#organization","name":"Diets From Chefs","url":"https:\/\/www.dietyodkucharzy.pl\/","logo":{"@type":"ImageObject","inLanguage":"en-US","@id":"https:\/\/www.dietyodkucharzy.pl\/#\/schema\/logo\/image\/","url":"https:\/\/www.dietyodkucharzy.pl\/wp-content\/uploads\/2023\/02\/Projekt-bez-tytulu-20.png","contentUrl":"https:\/\/www.dietyodkucharzy.pl\/wp-content\/uploads\/2023\/02\/Projekt-bez-tytulu-20.png","width":1500,"height":1500,"caption":"Diety Od Kucharzy"},"image":{"@id":"https:\/\/www.dietyodkucharzy.pl\/#\/schema\/logo\/image\/"}}]}},"_links":{"self":[{"href":"https:\/\/www.dietyodkucharzy.pl\/en\/wp-json\/wp\/v2\/pages\/266615","targetHints":{"allow":["GET"]}}],"collection":[{"href":"https:\/\/www.dietyodkucharzy.pl\/en\/wp-json\/wp\/v2\/pages"}],"about":[{"href":"https:\/\/www.dietyodkucharzy.pl\/en\/wp-json\/wp\/v2\/types\/page"}],"author":[{"embeddable":true,"href":"https:\/\/www.dietyodkucharzy.pl\/en\/wp-json\/wp\/v2\/users\/2"}],"replies":[{"embeddable":true,"href":"https:\/\/www.dietyodkucharzy.pl\/en\/wp-json\/wp\/v2\/comments?post=266615"}],"version-history":[{"count":5,"href":"https:\/\/www.dietyodkucharzy.pl\/en\/wp-json\/wp\/v2\/pages\/266615\/revisions"}],"predecessor-version":[{"id":281384,"href":"https:\/\/www.dietyodkucharzy.pl\/en\/wp-json\/wp\/v2\/pages\/266615\/revisions\/281384"}],"wp:attachment":[{"href":"https:\/\/www.dietyodkucharzy.pl\/en\/wp-json\/wp\/v2\/media?parent=266615"}],"curies":[{"name":"wp","href":"https:\/\/api.w.org\/{rel}","templated":true}]}}